{"id":1060,"date":"2019-11-22T19:35:49","date_gmt":"2019-11-22T19:35:49","guid":{"rendered":"http:\/\/dea3.com.ar\/elearning\/?page_id=1060"},"modified":"2024-05-14T15:50:49","modified_gmt":"2024-05-14T15:50:49","slug":"elearning","status":"publish","type":"page","link":"http:\/\/dea3.com.ar\/elearning\/","title":{"rendered":"eLearning"},"content":{"rendered":"<div class=\"wpb-content-wrapper\"><p>[vc_row type=\u00bbvc_default\u00bb full_width=\u00bbstretch_row\u00bb el_class=\u00bbheader_main\u00bb][vc_column][vc_column_text]<\/p>\n<h1>ELEARNING<\/h1>\n<h1 lang=\"es\">Educaci\u00f3n a Distancia<\/h1>\n<p>[\/vc_column_text][\/vc_column][\/vc_row][vc_row el_class=\u00bbcontent_elearning\u00bb][vc_column][vc_column_text]<\/p>\n<h2>PRODUCTOS Y SERVICIOS<\/h2>\n<h2 lang=\"es\">Products and Services<\/h2>\n<p>[\/vc_column_text][vc_column_text]<\/p>\n<ul class=\"elearning_pys\">\n<li class=\"elearning_pys_03\">Producci\u00f3n y adaptaci\u00f3n de contenidos en formato SCORM.\n<div class=\"translation\">Production and adaptation of content in SCORM format.<\/div>\n<\/li>\n<li class=\"elearning_pys_04\">Implementaci\u00f3n, adaptaci\u00f3n y soporte sobre plataforma de e-learning Moodle.\n<div class=\"translation\">Implementation of auxiliary tools for training.<\/div>\n<\/li>\n<li class=\"elearning_pys_05\">Implementaci\u00f3n de herramientas auxiliares para la formaci\u00f3n.\n<div class=\"translation\">Implementation, adaptation and support on Moodle e-learning platform.<\/div>\n<\/li>\n<li class=\"elearning_pys_06\">Apoyo al desarrollo, direcci\u00f3n y puesta en marcha de proyectos enfocados a la formaci\u00f3n.\n<div class=\"translation\">Support for the development, direction and implementation of projects focused on training.<\/div>\n<\/li>\n<li class=\"elearning_pys_01\">Asesoramiento y asistencia t\u00e9cnica para la incorporaci\u00f3n de formaci\u00f3n online en centros de capacitaci\u00f3n.\n<div class=\"translation\">Advice and technical assistance for online training in training centers.<\/div>\n<\/li>\n<li class=\"elearning_pys_02\">Asistencia t\u00e9cnica y pedag\u00f3gica durante el desarrollo de la formaci\u00f3n.\n<div class=\"translation\">Technical and pedagogical assistance during the development of the training.<\/div>\n<\/li>\n<\/ul>\n<p>[\/vc_column_text][\/vc_column][\/vc_row][vc_row type=\u00bbvc_default\u00bb bg_type=\u00bbbg_color\u00bb bg_override=\u00bbfull\u00bb el_class=\u00bbcontent_elearning\u00bb bg_color_value=\u00bb#e8dc46&#8243;][vc_column][vc_column_text]<\/p>\n<h2>Caracter\u00edsticas<\/h2>\n<h2 lang=\"es\">FEATURES<\/h2>\n<p>[\/vc_column_text][vc_column_text]<\/p>\n<ul class=\"elearning_features\">\n<li class=\"elearning_features_01\">100% responsive y acceso diferencial a contenidos dependiendo del tipo de dispositivo.\n<div class=\"translation\">100% responsive and differential access to specific content of the type of device.<\/div>\n<\/li>\n<li class=\"elearning_features_02\">Personalizable de acuerdo a las necesidades del cliente.\n<div class=\"translation\">Customizable according to customer needs.<\/div>\n<\/li>\n<li class=\"elearning_features_03\">Sin limite de funcionalidades.\n<div class=\"translation\">Unlimited functionality.<\/div>\n<\/li>\n<li class=\"elearning_features_04\">Consultor\u00eda en tendencias durante el desarrollo de los contenidos.\n<div class=\"translation\">Trend consulting during content development.<\/div>\n<\/li>\n<\/ul>\n<p>[\/vc_column_text][\/vc_column][\/vc_row][vc_row type=\u00bbvc_default\u00bb equal_height=\u00bbyes\u00bb bg_type=\u00bbbg_color\u00bb bg_override=\u00bbfull\u00bb el_class=\u00bbstripe_microlearning\u00bb bg_color_value=\u00bb#ffffff\u00bb][vc_column width=\u00bb2\/3&#8243;][vc_column_text]<\/p>\n<h2 lang=\"es\">Elearning responsivo \/ P\u00edldoras formativas<\/h2>\n<p>Ofrecemos p\u00edldoras formativas enfocadas en optimizar el tiempo de aprendizaje. Contenidos concisos y directos, con un dise\u00f1o instruccional funcional que garantice el aprendizaje, utilizando recursos visuales y de navegaci\u00f3n efectivos.[\/vc_column_text][vc_column_text el_class=\u00bbtranslation\u00bb]<\/p>\n<h2>Mobile <span class=\"hideOnMobile\">\/<\/span><br \/>\nMicro learning<\/h2>\n<p>We offer training pills focused on optimizing learning time. Concise and direct content, with a functional instructional design that guarantees learning, using effective visual and navigation resources.[\/vc_column_text][\/vc_column][vc_column width=\u00bb1\/3&#8243;][vc_btn title=\u00bbVER DEMO\u00bb align=\u00bbcenter\u00bb link=\u00bburl:https%3A%2F%2Fdea3.com.ar%2Fclientes%2Fmlearning%2Festres%2F||target:%20_blank|\u00bb][\/vc_column][\/vc_row][vc_row type=\u00bbvc_default\u00bb full_width=\u00bbstretch_row_content_no_spaces\u00bb el_class=\u00bbstripe_grid\u00bb][vc_column][vc_column_text]<\/p>\n<h2>PROYECTOS<\/h2>\n<h2 lang=\"es\">Projects<\/h2>\n<p>[\/vc_column_text][vc_basic_grid post_type=\u00bbpost\u00bb max_items=\u00bb-1&#8243; element_width=\u00bb3&#8243; gap=\u00bb0&#8243; item=\u00bb528&#8243; grid_id=\u00bbvc_gid:1715701808187-4c942b23-2cb0-10&#8243; taxonomies=\u00bb6&#8243;][\/vc_column][\/vc_row][vc_row type=\u00bbvc_default\u00bb equal_height=\u00bbyes\u00bb bg_type=\u00bbbg_color\u00bb bg_override=\u00bbfull\u00bb el_class=\u00bbstripe_demolearning\u00bb bg_color_value=\u00bb#ffffff\u00bb el_id=\u00bbdemo\u00bb][vc_column width=\u00bb1\/3&#8243;][vc_column_text]<\/p>\n<div class=\"anchor_name\"><a name=\"demo\"><\/a><\/div>\n<h2>DEMO ONLINE<\/h2>\n<h2 lang=\"es\">Online demo<\/h2>\n<p>[\/vc_column_text][vc_column_text]Te damos la posibilidad de entrar y dar un vistazo por dentro a nuestra plataforma. Para ingresar a la demo hac\u00e9 clic en el bot\u00f3n de <a href=\"http:\/\/sd-922834-h00020.ferozo.net\/moodle\/login\/index.php\" target=\"_blank\" rel=\"noopener noreferrer\"><em>Acceder<\/em><\/a> y coloc\u00e1 el siguiente nombre de usuario y contrase\u00f1a: <strong>demo\/demo<\/strong>.[\/vc_column_text][vc_column_text el_class=\u00bbtranslation\u00bb]We give you the opportunity to enter and take a look inside our platform. To enter the demo version, click on the <a href=\"http:\/\/sd-922834-h00020.ferozo.net\/moodle\/login\/index.php\" target=\"_blank\" rel=\"noopener noreferrer\"><em>Sign in<\/em><\/a> button and enter the following username and password: <strong>demo\/demo<\/strong>.[\/vc_column_text][\/vc_column][vc_column width=\u00bb2\/3&#8243;][vc_single_image image=\u00bb1298&#8243; img_size=\u00bbfull\u00bb alignment=\u00bbcenter\u00bb onclick=\u00bbcustom_link\u00bb img_link_target=\u00bb_blank\u00bb image_hovers=\u00bbfalse\u00bb link=\u00bbhttp:\/\/sd-922834-h00020.ferozo.net\/moodle\/login\/index.php\u00bb el_class=\u00bblogin_demo\u00bb][\/vc_column][\/vc_row][vc_row type=\u00bbvc_default\u00bb el_class=\u00bbcc_clientes\u00bb][vc_column][vc_column_text]<\/p>\n<h2>CLIENTES<\/h2>\n<h2 lang=\"es\">Clients<\/h2>\n<p>[\/vc_column_text][vc_column_text]\r\n\t\t<!-- CLIENTES -->\r\n\t\t\t\t<style>\r\n\t\t\t.dcc_clientes { position: relative; padding: 0px 0px 0px 0px; text-align: center; _background: #eee; }\r\n\t\t\t.dcc_clientes h3 { margin-bottom: 1em; }\r\n\t\t\t.dcc_clientes .items {  }\r\n\t\t\t.dcc_clientes .items .item { display: inline-block; margin: 0px 26px 20px 26px; height: 84px; text-align: center; }\r\n\t\t\t.dcc_clientes .items .item img { }\r\n\t\t\t@media only screen and ( max-width: 400px ) {\r\n\t\t\t\t.dcc_clientes .dcc_clientes_static .items .item { display: block;  margin: 0px; }\r\n\t\t\t}\r\n\t\t\t\r\n\t\t\t.dcc_clientes .dcc_clientes_marquee { box-sizing: border-box; width: 100%; height: 84px; white-space: nowrap; }\r\n\t\t\t.dcc_clientes .dcc_clientes_marquee .items { white-space: nowrap; }\r\n\t\t\t\r\n\t\t\t.dcc_clientes .dcc_clientes_static { display: block; }\r\n\t\t\t.dcc_clientes .dcc_clientes_marquee { display: none; }\r\n\t\t\t@media only screen and ( max-width: 860px ) {\r\n\t\t\t\t.dcc_clientes .dcc_clientes_static { display: none; }\r\n\t\t\t\t.dcc_clientes .dcc_clientes_marquee { display: block; }\r\n\t\t\t}\r\n\t\t\t\r\n\t\t\t.dcc_clientes .items .item:not([rel~=\"elearning\"]) { display: none; }\t\t<\/style>\r\n\t\r\n\t\t<section class=\"dcc_clientes\">\r\n\t\t\t<div class=\"wrapper\">\r\n\t\t\t\t<div class=\"dcc_clientes_static\">\r\n\t\t\t\t\t<div class=\"items\">\r\n\t\t\t\t\t\t<div class=\"item\" rel=\"elearning\"><img decoding=\"async\" src=\"http:\/\/dea3.com.ar\/elearning\/wp-content\/themes\/dt-the7-dea3v3\/dcc\/clientes\/imgs\/cliente_ldc.png\" alt=\"\" \/><\/div>\r\n\t\t\t\t\t\t<div class=\"item\" rel=\"elearning\"><img decoding=\"async\" src=\"http:\/\/dea3.com.ar\/elearning\/wp-content\/themes\/dt-the7-dea3v3\/dcc\/clientes\/imgs\/cliente_cambridge.png\" alt=\"\" \/><\/div>\r\n\t\t\t\t\t\t<div class=\"item\" rel=\"elearning\"><img decoding=\"async\" src=\"http:\/\/dea3.com.ar\/elearning\/wp-content\/themes\/dt-the7-dea3v3\/dcc\/clientes\/imgs\/cliente_santillana.png\" alt=\"\" \/><\/div>\r\n\t\t\t\t\t\t<div class=\"item\" rel=\"elearning\"><img decoding=\"async\" src=\"http:\/\/dea3.com.ar\/elearning\/wp-content\/themes\/dt-the7-dea3v3\/dcc\/clientes\/imgs\/cliente_telefonica.png\" alt=\"\" \/><\/div>\r\n\t\t\t\t\t\t<div class=\"item\" rel=\"elearning\"><img decoding=\"async\" src=\"http:\/\/dea3.com.ar\/elearning\/wp-content\/themes\/dt-the7-dea3v3\/dcc\/clientes\/imgs\/cliente_orange.png\" alt=\"\" \/><\/div>\r\n\t\t\t\t\t\t<div class=\"item\" rel=\"elearning\"><img decoding=\"async\" src=\"http:\/\/dea3.com.ar\/elearning\/wp-content\/themes\/dt-the7-dea3v3\/dcc\/clientes\/imgs\/cliente_ach.png\" alt=\"\" \/><\/div>\r\n\t\t\t\t\t\t\r\n\t\t\t\t\t\t<div class=\"item\" rel=\"elearning\"><img decoding=\"async\" src=\"http:\/\/dea3.com.ar\/elearning\/wp-content\/themes\/dt-the7-dea3v3\/dcc\/clientes\/imgs\/cliente_alianza.png\" alt=\"\" \/><\/div>\r\n\t\t\t\t\t\t<div class=\"item\" rel=\"elearning media\"><img decoding=\"async\" src=\"http:\/\/dea3.com.ar\/elearning\/wp-content\/themes\/dt-the7-dea3v3\/dcc\/clientes\/imgs\/cliente_mr.png\" alt=\"\" \/><\/div>\r\n\t\t\t\t\t\t<div class=\"item\" rel=\"elearning\"><img decoding=\"async\" src=\"http:\/\/dea3.com.ar\/elearning\/wp-content\/themes\/dt-the7-dea3v3\/dcc\/clientes\/imgs\/cliente_ceddet.png\" alt=\"\" \/><\/div>\r\n\t\t\t\t\t\t<div class=\"item\" rel=\"elearning\"><img decoding=\"async\" src=\"http:\/\/dea3.com.ar\/elearning\/wp-content\/themes\/dt-the7-dea3v3\/dcc\/clientes\/imgs\/cliente_cognitiom.png\" alt=\"\" \/><\/div>\r\n\t\t\t\t\t\t<div class=\"item\" rel=\"elearning\"><img decoding=\"async\" src=\"http:\/\/dea3.com.ar\/elearning\/wp-content\/themes\/dt-the7-dea3v3\/dcc\/clientes\/imgs\/cliente_ivl.png\" alt=\"\" \/><\/div>\r\n\t\t\t\t\t\t<div class=\"item\" rel=\"elearning\"><img decoding=\"async\" src=\"http:\/\/dea3.com.ar\/elearning\/wp-content\/themes\/dt-the7-dea3v3\/dcc\/clientes\/imgs\/cliente_agrofy.png\" alt=\"\" \/><\/div>\r\n\t\t\t\t\t\t<div class=\"item\" rel=\"media\"><img decoding=\"async\" src=\"http:\/\/dea3.com.ar\/elearning\/wp-content\/themes\/dt-the7-dea3v3\/dcc\/clientes\/imgs\/cliente_alsisa.png\" alt=\"\" \/><\/div>\r\n\t\t\t\t\t\t<div class=\"item\" rel=\"elearning media\"><img decoding=\"async\" src=\"http:\/\/dea3.com.ar\/elearning\/wp-content\/themes\/dt-the7-dea3v3\/dcc\/clientes\/imgs\/cliente_ciudadesEducadoras.png\" alt=\"\" \/><\/div>\r\n\t\t\t\t\t\t<div class=\"item\" rel=\"media\"><img decoding=\"async\" src=\"http:\/\/dea3.com.ar\/elearning\/wp-content\/themes\/dt-the7-dea3v3\/dcc\/clientes\/imgs\/cliente_congreso.png\" alt=\"\" \/><\/div>\r\n\t\t\t\t\t\t<div class=\"item\" rel=\"media\"><img decoding=\"async\" src=\"http:\/\/dea3.com.ar\/elearning\/wp-content\/themes\/dt-the7-dea3v3\/dcc\/clientes\/imgs\/cliente_diferent.png\" alt=\"\" \/><\/div>\r\n\t\t\t\t\t\t<div class=\"item\" rel=\"media\"><img decoding=\"async\" src=\"http:\/\/dea3.com.ar\/elearning\/wp-content\/themes\/dt-the7-dea3v3\/dcc\/clientes\/imgs\/cliente_fipr.png\" alt=\"\" \/><\/div>\r\n\t\t\t\t\t\t<div class=\"item\" rel=\"elearning\"><img decoding=\"async\" src=\"http:\/\/dea3.com.ar\/elearning\/wp-content\/themes\/dt-the7-dea3v3\/dcc\/clientes\/imgs\/cliente_fyo.png\" alt=\"\" \/><\/div>\r\n\t\t\t\t\t\t<div class=\"item\" rel=\"media\"><img decoding=\"async\" src=\"http:\/\/dea3.com.ar\/elearning\/wp-content\/themes\/dt-the7-dea3v3\/dcc\/clientes\/imgs\/cliente_iidefar.png\" alt=\"\" \/><\/div>\r\n\t\t\t\t\t\t<div class=\"item\" rel=\"media\"><img decoding=\"async\" src=\"http:\/\/dea3.com.ar\/elearning\/wp-content\/themes\/dt-the7-dea3v3\/dcc\/clientes\/imgs\/cliente_lt3.png\" alt=\"\" \/><\/div>\r\n\t\t\t\t\t\t<div class=\"item\" rel=\"media\"><img decoding=\"async\" src=\"http:\/\/dea3.com.ar\/elearning\/wp-content\/themes\/dt-the7-dea3v3\/dcc\/clientes\/imgs\/cliente_observatorio.png\" alt=\"\" \/><\/div>\r\n\t\t\t\t\t\t<div class=\"item\" rel=\"media\"><img decoding=\"async\" src=\"http:\/\/dea3.com.ar\/elearning\/wp-content\/themes\/dt-the7-dea3v3\/dcc\/clientes\/imgs\/cliente_rio.png\" alt=\"\" \/><\/div>\r\n\t\t\t\t\t<\/div>\r\n\t\t\t\t<\/div>\r\n\t\t\t\t<div class=\"dcc_clientes_marquee\"><\/div>\r\n\t\t\t<\/div>\r\n\t\t\t<script type=\"text\/javascript\" src=\"http:\/\/dea3.com.ar\/elearning\/wp-content\/themes\/dt-the7-dea3v3\/dcc\/clientes\/js.lib\/jquery.shuffle.js\"><\/script>\r\n\t\t\t<script type=\"text\/javascript\" src=\"http:\/\/dea3.com.ar\/elearning\/wp-content\/themes\/dt-the7-dea3v3\/dcc\/clientes\/js.lib\/jquery.marquee.min.js\"><\/script>\r\n\t\t\t<script type=\"text\/javascript\">\r\n\t\t\t\t{\r\n\t\t\t\t\tvar $ = jQuery;\r\n\t\t\t\t\t$(document).ready(function () {\r\n\t\t\t\t\t\tjQuery('.dcc_clientes .dcc_clientes_static .items').clone().appendTo('.dcc_clientes .dcc_clientes_marquee');\r\n\t\t\t\t\t\tjQuery('.dcc_clientes .dcc_clientes_marquee .items > div').shuffle();\r\n\t\t\t\t\t\tjQuery('.dcc_clientes_marquee').marquee({\r\n\t\t\t\t\t\t\t\/\/speed in milliseconds of the marquee\r\n\t\t\t\t\t\t\tduration: 10000,\r\n\t\t\t\t\t\t\t\/\/gap in pixels between the tickers\r\n\t\t\t\t\t\t\tgap: 0,\r\n\t\t\t\t\t\t\t\/\/time in milliseconds before the marquee will start animating\r\n\t\t\t\t\t\t\tdelayBeforeStart: 0,\r\n\t\t\t\t\t\t\t\/\/'left' or 'right'\r\n\t\t\t\t\t\t\tdirection: 'left',\r\n\t\t\t\t\t\t\t\/\/true or false - should the marquee be duplicated to show an effect of continues flow\r\n\t\t\t\t\t\t\tduplicated: true,\r\n\t\t\t\t\t\t\tpauseOnHover: true\r\n\t\t\t\t\t\t});\r\n\t\t\t\t\t});\r\n\t\t\t\t}\r\n\t\t\t\t\/*\r\n\t\t\t\t*\/\r\n\t\t\t<\/script>\r\n\t\t<\/section>\r\n[\/vc_column_text][\/vc_column][\/vc_row][vc_row][vc_column][vc_column_text]<\/p>\n[vc_row type=\"vc_default\" full_width=\"stretch_row\" margin_top=\"0\" margin_bottom=\"0\" bg_type=\"bg_color\" bg_override=\"full\" el_class=\"cc_contacto\" bg_color_value=\"#294045\" anchor=\"cc_contacto\" css=\".vc_custom_1574341577035{margin-bottom: 0px !important;}\" el_id=\"cc_contacto\"][vc_column][vc_column_text]\r\n<h2>Ayudamos a empresas a construir un mejor futuro digital<\/h2>\r\n<h2 lang=\"es\">We help companies build a better digital future<\/h2>\r\n[\/vc_column_text][vc_column_text el_class=\"form_wrapper\"]\r\n\r\n\n<div class=\"wpcf7 no-js\" id=\"wpcf7-f4-o1\" lang=\"es-ES\" dir=\"ltr\">\n<div class=\"screen-reader-response\"><p role=\"status\" aria-live=\"polite\" aria-atomic=\"true\"><\/p> <ul><\/ul><\/div>\n<form action=\"\/elearning\/wp-json\/wp\/v2\/pages\/1060#wpcf7-f4-o1\" method=\"post\" class=\"wpcf7-form init\" aria-label=\"Formulario de contacto\" novalidate=\"novalidate\" data-status=\"init\">\n<div style=\"display: none;\">\n<input type=\"hidden\" name=\"_wpcf7\" value=\"4\" \/>\n<input type=\"hidden\" name=\"_wpcf7_version\" value=\"5.9.4\" \/>\n<input type=\"hidden\" name=\"_wpcf7_locale\" value=\"es_ES\" \/>\n<input type=\"hidden\" name=\"_wpcf7_unit_tag\" value=\"wpcf7-f4-o1\" \/>\n<input type=\"hidden\" name=\"_wpcf7_container_post\" value=\"0\" \/>\n<input type=\"hidden\" name=\"_wpcf7_posted_data_hash\" value=\"\" \/>\n<\/div>\n<div class=\"inColumn\">\n\t<p><span class=\"wpcf7-form-control-wrap\" data-name=\"your-name\"><input size=\"40\" class=\"wpcf7-form-control wpcf7-text wpcf7-validates-as-required\" aria-required=\"true\" aria-invalid=\"false\" placeholder=\"nombre\" value=\"\" type=\"text\" name=\"your-name\" \/><\/span>\n\t<\/p>\n\t<p><span class=\"wpcf7-form-control-wrap\" data-name=\"your-email\"><input size=\"40\" class=\"wpcf7-form-control wpcf7-email wpcf7-validates-as-required wpcf7-text wpcf7-validates-as-email\" aria-required=\"true\" aria-invalid=\"false\" placeholder=\"email\" value=\"\" type=\"email\" name=\"your-email\" \/><\/span>\n\t<\/p>\n<\/div>\n<p><span class=\"wpcf7-form-control-wrap\" data-name=\"your-message\"><textarea cols=\"40\" rows=\"10\" class=\"wpcf7-form-control wpcf7-textarea\" aria-invalid=\"false\" placeholder=\"mensaje\" name=\"your-message\"><\/textarea><\/span>\n<\/p>\n<p><input class=\"wpcf7-form-control wpcf7-submit has-spinner\" type=\"submit\" value=\"ENVIAR\" \/>\n<\/p><div class=\"wpcf7-response-output\" aria-hidden=\"true\"><\/div>\n<\/form>\n<\/div>\n\r\n\r\n[\/vc_column_text][\/vc_column][\/vc_row]\n<p>[\/vc_column_text][\/vc_column][\/vc_row]<\/p>\n<\/div><!-- AddThis Advanced Settings generic via filter on the_content --><!-- AddThis Share Buttons generic via filter on the_content -->","protected":false},"excerpt":{"rendered":"<p>[vc_row type=\u00bbvc_default\u00bb full_width=\u00bbstretch_row\u00bb el_class=\u00bbheader_main\u00bb][vc_column][vc_column_text] ELEARNING Educaci\u00f3n a Distancia [\/vc_column_text][\/vc_column][\/vc_row][vc_row el_class=\u00bbcontent_elearning\u00bb][vc_column][vc_column_text] PRODUCTOS Y SERVICIOS Products and Services [\/vc_column_text][vc_column_text] Producci\u00f3n y adaptaci\u00f3n de contenidos en formato SCORM. Production and adaptation of content in SCORM format. Implementaci\u00f3n, adaptaci\u00f3n y soporte sobre plataforma de e-learning Moodle. Implementation of auxiliary tools for training. Implementaci\u00f3n de herramientas auxiliares para la formaci\u00f3n.&hellip;<\/p>\n","protected":false},"author":1,"featured_media":0,"parent":0,"menu_order":0,"comment_status":"closed","ping_status":"closed","template":"","meta":[],"aioseo_notices":[],"_links":{"self":[{"href":"http:\/\/dea3.com.ar\/elearning\/wp-json\/wp\/v2\/pages\/1060"}],"collection":[{"href":"http:\/\/dea3.com.ar\/elearning\/wp-json\/wp\/v2\/pages"}],"about":[{"href":"http:\/\/dea3.com.ar\/elearning\/wp-json\/wp\/v2\/types\/page"}],"author":[{"embeddable":true,"href":"http:\/\/dea3.com.ar\/elearning\/wp-json\/wp\/v2\/users\/1"}],"replies":[{"embeddable":true,"href":"http:\/\/dea3.com.ar\/elearning\/wp-json\/wp\/v2\/comments?post=1060"}],"version-history":[{"count":48,"href":"http:\/\/dea3.com.ar\/elearning\/wp-json\/wp\/v2\/pages\/1060\/revisions"}],"predecessor-version":[{"id":1299,"href":"http:\/\/dea3.com.ar\/elearning\/wp-json\/wp\/v2\/pages\/1060\/revisions\/1299"}],"wp:attachment":[{"href":"http:\/\/dea3.com.ar\/elearning\/wp-json\/wp\/v2\/media?parent=1060"}],"curies":[{"name":"wp","href":"https:\/\/api.w.org\/{rel}","templated":true}]}}